{"id":37,"date":"2022-08-28T19:04:46","date_gmt":"2022-08-28T22:04:46","guid":{"rendered":"https:\/\/honnora.com.br\/?page_id=37"},"modified":"2022-08-28T19:29:39","modified_gmt":"2022-08-28T22:29:39","slug":"honnora-desenvolvimento-tecnologico-ltda","status":"publish","type":"page","link":"https:\/\/honnora.com.br\/","title":{"rendered":"Honnora Desenvolvimento Tecnol\u00f3gico LTDA."},"content":{"rendered":"\n<p>A HONNORA Desenvolvimento Tecnol\u00f3gico LTDA foi fundada em 2021 com a miss\u00e3o de empregar a larga experiencia de seus membros e colaboradores em servi\u00e7os de consultoria visando o  desenvolvimento de novos produtos, tecnologias, e obten\u00e7\u00e3o de propriedade intelectual. <\/p>\n\n\n\n<p>Com mais de 35 anos de larga experiencia em desenvolvimento de produtos nas areas industriais, m\u00e9dicas, agro, espa\u00e7o e defesa, a HONORA procura prestar aos seus clientes uma vis\u00e3o completa e abrangente das possibilidades de desenvolvimento de um Produto ou Servi\u00e7o. <\/p>\n\n\n\n<p>Em face a uma necessidade do cliente, s\u00e3o estudadas e apresentadas as diversas alternativas de tecnologias, os desafios, os custos e uma vis\u00e3o clara dos riscos e oportunidades decorrentes. <\/p>\n\n\n\n<p>Num mundo globalizado, aonde as rupturas tecnol\u00f3gicas s\u00e3o frequentes, e ocorrem muitas vezes suportadas por grandes grupos , com farto financiamento de risco, os empreendedores tecnol\u00f3gicos  necessitam serem bem orientados e focados nas solu\u00e7\u00f5es que diminuam os riscos e utilizem de forma eficiente os poucos recursos eventualmente disponiveis. <\/p>\n\n\n\n<p>Escolher uma solu\u00e7\u00e3o ou tecnologia, hoje deve ser uma tarefa multidisciplinar. Alem de cobrir fundamentalmente  profundo conhecimento t\u00e9cnico da solu\u00e7\u00e3o visando o objetivo prim\u00e1rio do produto ou servi\u00e7o, tamb\u00e9m demanda um amplo leque de conhecimentos, muita experiencia nos diversos elementos que impactam o seu sucesso.<\/p>\n\n\n\n<p>Hoje em dia fatores log\u00edsticos, geopol\u00edticos, impedimentos decorrentes de limita\u00e7\u00f5es de acesso ou mesmo embargos tecnol\u00f3gicos, impedimentos decorrentes de propriedade intelectual, bem como   financiamentos direcionados, s\u00e3o muitas vezes mais  relevantes na defini\u00e7\u00e3o de um produto ou servi\u00e7o, muitas vezes mais importantes que as melhores solu\u00e7\u00f5es t\u00e9cnicas constantes na literatura ou no conhecimento acad\u00eamico.  <\/p>\n\n\n\n<p>A HONNORA possui esta experiencia e vivencia , tendo seus membros participados com sucesso de uma s\u00e9rie de importantes desenvolvimentos no Brasil, tanto para clientes governamentais quanto para importantes empresas de cunho tecnol\u00f3gico, h\u00e1 mais de 35 anos. <\/p>\n\n\n\n<p>A HONNORA se sentir\u00e1 honrada em ouvir as necessidades de seus clientes e  no sentido amplo da concep\u00e7\u00e3o de solu\u00e7\u00f5es abrangentes e eficazes. Para tanto, envie sua solicita\u00e7\u00e3o para o email contato@honnora.com.br.<\/p>\n\n\n\n<p><\/p>\n\n\n\n<p><\/p>\n\n\n\n<p><\/p>\n\n\n\n<p><\/p>\n","protected":false},"excerpt":{"rendered":"<p>A HONNORA Desenvolvimento Tecnol\u00f3gico LTDA foi fundada em 2021 com a miss\u00e3o de empregar a larga experiencia de seus membros e colaboradores em servi\u00e7os de consultoria visando o desenvolvimento de novos produtos, tecnologias, e obten\u00e7\u00e3o de propriedade intelectual. Com mais de 35 anos de larga experiencia em desenvolvimento de produtos nas areas industriais, m\u00e9dicas, agro, [&hellip;]<\/p>\n","protected":false},"author":1,"featured_media":0,"parent":0,"menu_order":0,"comment_status":"closed","ping_status":"closed","template":"","meta":{"_monsterinsights_skip_tracking":false,"_monsterinsights_sitenote_active":false,"_monsterinsights_sitenote_note":"","_monsterinsights_sitenote_category":0,"footnotes":""},"class_list":["post-37","page","type-page","status-publish","hentry"],"aioseo_notices":[],"_links":{"self":[{"href":"https:\/\/honnora.com.br\/index.php\/wp-json\/wp\/v2\/pages\/37","targetHints":{"allow":["GET"]}}],"collection":[{"href":"https:\/\/honnora.com.br\/index.php\/wp-json\/wp\/v2\/pages"}],"about":[{"href":"https:\/\/honnora.com.br\/index.php\/wp-json\/wp\/v2\/types\/page"}],"author":[{"embeddable":true,"href":"https:\/\/honnora.com.br\/index.php\/wp-json\/wp\/v2\/users\/1"}],"replies":[{"embeddable":true,"href":"https:\/\/honnora.com.br\/index.php\/wp-json\/wp\/v2\/comments?post=37"}],"version-history":[{"count":2,"href":"https:\/\/honnora.com.br\/index.php\/wp-json\/wp\/v2\/pages\/37\/revisions"}],"predecessor-version":[{"id":59,"href":"https:\/\/honnora.com.br\/index.php\/wp-json\/wp\/v2\/pages\/37\/revisions\/59"}],"wp:attachment":[{"href":"https:\/\/honnora.com.br\/index.php\/wp-json\/wp\/v2\/media?parent=37"}],"curies":[{"name":"wp","href":"https:\/\/api.w.org\/{rel}","templated":true}]}}