{"id":2,"date":"2022-08-27T17:28:39","date_gmt":"2022-08-27T17:28:39","guid":{"rendered":"https:\/\/honnora.com.br\/?page_id=2"},"modified":"2022-08-28T19:03:53","modified_gmt":"2022-08-28T22:03:53","slug":"sample-page","status":"publish","type":"page","link":"https:\/\/honnora.com.br\/index.php\/sample-page\/","title":{"rendered":"Quem somos"},"content":{"rendered":"\n<p>A HONNORA Desenvolvimento Tecnologico \u00e9 composta por um time de colaboradores, que cobrem v\u00e1rios ramos de conhecimento e com larga experiencia. <\/p>\n\n\n\n<p>S\u00e3o colaboradores oriundos de empresas de tecnologias, universidades, consultores independentes e empresas parceiras. <\/p>\n\n\n\n<p>A sele\u00e7\u00e3o de colaboradores que ir\u00e3o atuar em um determinado projeto ou demanda de um cliente, s\u00e3o sempre discutidas e elencadas em face das especificas demandas do projeto ou servi\u00e7o, na fase e etapa, ou na abrang\u00eancia dos requisitos. <\/p>\n\n\n\n<p>Para cada projeto ou servi\u00e7o, apos a solicita\u00e7ao do cliente, a primeira etapa consiste na sele\u00e7\u00e3o dos profissionais que ir\u00e3o compor o time que ira apresentar a solu\u00e7\u00e3o ou projeto.<\/p>\n\n\n\n<p>Contate  a HONNORA para uma vis\u00e3o detalhada da equipe e suas potencialidades. <\/p>\n\n\n\n<p>Envie uma mensagem para contato@honnora.com.br <\/p>\n","protected":false},"excerpt":{"rendered":"<p>A HONNORA Desenvolvimento Tecnologico \u00e9 composta por um time de colaboradores, que cobrem v\u00e1rios ramos de conhecimento e com larga experiencia. S\u00e3o colaboradores oriundos de empresas de tecnologias, universidades, consultores independentes e empresas parceiras. A sele\u00e7\u00e3o de colaboradores que ir\u00e3o atuar em um determinado projeto ou demanda de um cliente, s\u00e3o sempre discutidas e elencadas [&hellip;]<\/p>\n","protected":false},"author":1,"featured_media":0,"parent":0,"menu_order":0,"comment_status":"closed","ping_status":"closed","template":"","meta":{"_monsterinsights_skip_tracking":false,"_monsterinsights_sitenote_active":false,"_monsterinsights_sitenote_note":"","_monsterinsights_sitenote_category":0,"footnotes":""},"class_list":["post-2","page","type-page","status-publish","hentry"],"aioseo_notices":[],"_links":{"self":[{"href":"https:\/\/honnora.com.br\/index.php\/wp-json\/wp\/v2\/pages\/2","targetHints":{"allow":["GET"]}}],"collection":[{"href":"https:\/\/honnora.com.br\/index.php\/wp-json\/wp\/v2\/pages"}],"about":[{"href":"https:\/\/honnora.com.br\/index.php\/wp-json\/wp\/v2\/types\/page"}],"author":[{"embeddable":true,"href":"https:\/\/honnora.com.br\/index.php\/wp-json\/wp\/v2\/users\/1"}],"replies":[{"embeddable":true,"href":"https:\/\/honnora.com.br\/index.php\/wp-json\/wp\/v2\/comments?post=2"}],"version-history":[{"count":3,"href":"https:\/\/honnora.com.br\/index.php\/wp-json\/wp\/v2\/pages\/2\/revisions"}],"predecessor-version":[{"id":41,"href":"https:\/\/honnora.com.br\/index.php\/wp-json\/wp\/v2\/pages\/2\/revisions\/41"}],"wp:attachment":[{"href":"https:\/\/honnora.com.br\/index.php\/wp-json\/wp\/v2\/media?parent=2"}],"curies":[{"name":"wp","href":"https:\/\/api.w.org\/{rel}","templated":true}]}}